{"id":2522,"date":"2023-05-15T08:12:59","date_gmt":"2023-05-15T08:12:59","guid":{"rendered":"https:\/\/vastujyot.in\/?page_id=2522"},"modified":"2023-05-23T11:32:41","modified_gmt":"2023-05-23T11:32:41","slug":"article","status":"publish","type":"page","link":"https:\/\/vaastujyot.in\/index.php\/article\/","title":{"rendered":"Article"},"content":{"rendered":"\t\t<div data-elementor-type=\"wp-page\" data-elementor-id=\"2522\" class=\"elementor elementor-2522\" data-elementor-settings=\"{&quot;ha_cmc_init_switcher&quot;:&quot;no&quot;}\" data-elementor-post-type=\"page\">\n\t\t\t\t\t\t<section class=\"elementor-section elementor-top-section elementor-element elementor-element-d58cd91 elementor-section-height-min-height elementor-section-boxed elementor-section-height-default elementor-section-items-middle\" data-id=\"d58cd91\" data-element_type=\"section\" data-e-type=\"section\" data-settings=\"{&quot;background_background&quot;:&quot;gradient&quot;,&quot;_ha_eqh_enable&quot;:false}\">\n\t\t\t\t\t\t\t<div class=\"elementor-background-overlay\"><\/div>\n\t\t\t\t\t\t\t<div class=\"elementor-container elementor-column-gap-default\">\n\t\t\t\t\t<div class=\"elementor-column elementor-col-50 elementor-top-column elementor-element elementor-element-24fbd7d\" data-id=\"24fbd7d\" data-element_type=\"column\" data-e-type=\"column\">\n\t\t\t<div class=\"elementor-widget-wrap elementor-element-populated\">\n\t\t\t\t\t\t<div class=\"elementor-element elementor-element-448dc3e elementor-widget elementor-widget-heading\" data-id=\"448dc3e\" data-element_type=\"widget\" data-e-type=\"widget\" data-widget_type=\"heading.default\">\n\t\t\t\t<div class=\"elementor-widget-container\">\n\t\t\t\t\t<h2 class=\"elementor-heading-title elementor-size-default\">Article \n<\/h2>\t\t\t\t<\/div>\n\t\t\t\t<\/div>\n\t\t\t\t<div class=\"elementor-element elementor-element-faf21f8 elementor-widget elementor-widget-heading\" data-id=\"faf21f8\" data-element_type=\"widget\" data-e-type=\"widget\" data-widget_type=\"heading.default\">\n\t\t\t\t<div class=\"elementor-widget-container\">\n\t\t\t\t\t<h6 class=\"elementor-heading-title elementor-size-default\">Home - Article <\/h6>\t\t\t\t<\/div>\n\t\t\t\t<\/div>\n\t\t\t\t\t<\/div>\n\t\t<\/div>\n\t\t\t\t<div class=\"elementor-column elementor-col-50 elementor-top-column elementor-element elementor-element-5862649\" data-id=\"5862649\" data-element_type=\"column\" data-e-type=\"column\">\n\t\t\t<div class=\"elementor-widget-wrap elementor-element-populated\">\n\t\t\t\t\t\t<div class=\"elementor-element elementor-element-c178c7f elementor-widget elementor-widget-image\" data-id=\"c178c7f\" data-element_type=\"widget\" data-e-type=\"widget\" data-widget_type=\"image.default\">\n\t\t\t\t<div class=\"elementor-widget-container\">\n\t\t\t\t\t\t\t\t\t\t\t\t\t\t\t<img fetchpriority=\"high\" decoding=\"async\" width=\"1536\" height=\"1238\" src=\"https:\/\/vaastujyot.in\/wp-content\/uploads\/2023\/05\/main-logo-.png\" class=\"attachment-full size-full wp-image-3656\" alt=\"\" srcset=\"https:\/\/vaastujyot.in\/wp-content\/uploads\/2023\/05\/main-logo-.png 1536w, https:\/\/vaastujyot.in\/wp-content\/uploads\/2023\/05\/main-logo--300x242.png 300w, https:\/\/vaastujyot.in\/wp-content\/uploads\/2023\/05\/main-logo--1024x825.png 1024w, https:\/\/vaastujyot.in\/wp-content\/uploads\/2023\/05\/main-logo--768x619.png 768w\" sizes=\"(max-width: 1536px) 100vw, 1536px\" \/>\t\t\t\t\t\t\t\t\t\t\t\t\t\t\t<\/div>\n\t\t\t\t<\/div>\n\t\t\t\t\t<\/div>\n\t\t<\/div>\n\t\t\t\t\t<\/div>\n\t\t<\/section>\n\t\t\t\t<section class=\"elementor-section elementor-top-section elementor-element elementor-element-5893783 elementor-section-boxed elementor-section-height-default elementor-section-height-default\" data-id=\"5893783\" data-element_type=\"section\" data-e-type=\"section\" data-settings=\"{&quot;background_background&quot;:&quot;classic&quot;,&quot;_ha_eqh_enable&quot;:false}\">\n\t\t\t\t\t\t<div class=\"elementor-container elementor-column-gap-default\">\n\t\t\t\t\t<div class=\"elementor-column elementor-col-100 elementor-top-column elementor-element elementor-element-a2c8aaa\" data-id=\"a2c8aaa\" data-element_type=\"column\" data-e-type=\"column\">\n\t\t\t<div class=\"elementor-widget-wrap elementor-element-populated\">\n\t\t\t\t\t\t<div class=\"elementor-element elementor-element-60d8f82 ha-layout-under_image ha-author-meta-after_title ha-date-position-block ha-image-animation-yes elementor-widget elementor-widget-ha-post-carousel happy-addon ha-post-carousel happy-addon-pro\" data-id=\"60d8f82\" data-element_type=\"widget\" data-e-type=\"widget\" data-settings=\"{&quot;slides_to_show&quot;:&quot;3&quot;,&quot;animation_speed&quot;:800,&quot;autoplay&quot;:&quot;yes&quot;,&quot;autoplay_speed&quot;:2000,&quot;loop&quot;:&quot;yes&quot;,&quot;navigation&quot;:&quot;arrow&quot;,&quot;slides_to_show_tablet&quot;:2,&quot;slides_to_show_mobile&quot;:1}\" data-widget_type=\"ha-post-carousel.default\">\n\t\t\t\t<div class=\"elementor-widget-container\">\n\t\t\t\t\t\t\t<div data-ha_rcc_uid=\"\" class=\"ha-posts-carousel-wrapper\">\n\t\t\t\t\t\t\t<div class=\"ha-posts-carousel-slick slick-slide\">\n\t\t\t\t<div class=\"ha-posts-carousel\">\n\n\t\t\t\t\t\n\t\t\t\t\t<div class=\"ha-posts-carousel__content-position\">\n\t\t\t\t\t<div class=\"ha-posts-carousel__content-wrap\">\n\t\t\t\t\t\t\t\t\t\t\t\t\t\t<div class=\"ha-posts-carousel__meta-category\">\n\t\t\t\t\t\t\t\t\t<a href=\"https:\/\/vaastujyot.in\/index.php\/category\/plinko\/\">\n\t\t\t\t\t\t\t\t\t\tplinko\t\t\t\t\t\t\t\t\t<\/a>\n\t\t\t\t\t\t\t\t<\/div>\n\t\t\t\t\t\t\t\t\n\t\t\t\t\t\t<div class=\"ha-posts-carousel__title\">\n\t\t\t\t\t\t\t<a href=\"https:\/\/vaastujyot.in\/index.php\/2025\/09\/18\/play-enjoy-game-online-free\/\">\n\t\t\t\t\t\t\t\tPlay &#038; Enjoy Game Online Free\t\t\t\t\t\t\t<\/a>\n\t\t\t\t\t\t<\/div>\n\n\t\t\t\t\t\t<div class=\"ha-posts-carousel__content-text\">\n\t\t\t\t\t\t\t<div class=\"ha-posts-carousel__meta\">\n\t\t\t\t\t\t\t\t\t\t\t\t\t\t\t\t\t<div class=\"ha-posts-carousel__meta-author-img\">\n\t\t\t\t\t\t\t\t\t\t<a href=\"https:\/\/vaastujyot.in\">\n\t\t\t\t\t\t\t\t\t\t\t<img decoding=\"async\" src=\"https:\/\/secure.gravatar.com\/avatar\/8ada45c5a19fc682ad04ae4e8dc7b06733701aca5abfb30a2d513225e4f4e62e?s=45&d=mm&r=g\" alt=\"itcrewwebsolution\" class=\"ha-posts-carousel__meta-image\">\n\t\t\t\t\t\t\t\t\t\t<\/a>\n\t\t\t\t\t\t\t\t\t<\/div>\n\t\t\t\t\t\t\t\t\t\n\t\t\t\t\t\t\t\t<div class=\"ha-posts-carousel__meta-author-name\">\n\t\t\t\t\t\t\t\t\t\n\t\t\t\t\t\t\t\t\t<div class=\"ha-posts-carousel__meta-date\">\n\t\t\t\t\t\t\t\t\t\t\t\t\t\t\t\t\t\t\t\t\t\t<i aria-hidden=\"true\" class=\"hm hm-calendar2\"><\/i>\t\t\t\t\t\t\t\t\t\t\t\t\t\t\t\t\t\t\t\t\t\t<span>September 18, 2025<\/span>\n\t\t\t\t\t\t\t\t\t\t\t\t\t\t\t\t\t\t\t<\/div>\n\t\t\t\t\t\t\t\t<\/div>\n\t\t\t\t\t\t\t<\/div>\n\n\t\t\t\t\t\t\t\t\t\t\t\t\t\t<div class=\"ha-posts-carousel__content\">\n\t\t\t\t\t\t\t\tPlinko Application Demo Practice And Even Win With Cost-free Mode Content Follow\u00a0Us Why Choose Our&hellip;\t\t\t\t\t\t\t<\/div>\n\t\t\t\t\t\t\t\t\t\t\t\t\t<\/div>\n\n\t\t\t\t\t<\/div>\n\t\t\t\t\t<\/div>\n\n\t\t\t\t<\/div>\n\t\t\t\t<\/div>\n\t\t\t\t\t\t\t<div class=\"ha-posts-carousel-slick slick-slide\">\n\t\t\t\t<div class=\"ha-posts-carousel\">\n\n\t\t\t\t\t\n\t\t\t\t\t<div class=\"ha-posts-carousel__content-position\">\n\t\t\t\t\t<div class=\"ha-posts-carousel__content-wrap\">\n\t\t\t\t\t\t\t\t\t\t\t\t\t\t<div class=\"ha-posts-carousel__meta-category\">\n\t\t\t\t\t\t\t\t\t<a href=\"https:\/\/vaastujyot.in\/index.php\/category\/uncategorized\/\">\n\t\t\t\t\t\t\t\t\t\tUncategorized\t\t\t\t\t\t\t\t\t<\/a>\n\t\t\t\t\t\t\t\t<\/div>\n\t\t\t\t\t\t\t\t\n\t\t\t\t\t\t<div class=\"ha-posts-carousel__title\">\n\t\t\t\t\t\t\t<a href=\"https:\/\/vaastujyot.in\/index.php\/2025\/09\/18\/top-online-casinos-nabizejici-plinko-bez-vkladu-promoce\/\">\n\t\t\t\t\t\t\t\tTop Online Casinos Nab\u00edzej\u00edc\u00ed Plinko bez vkladu Promoce\t\t\t\t\t\t\t<\/a>\n\t\t\t\t\t\t<\/div>\n\n\t\t\t\t\t\t<div class=\"ha-posts-carousel__content-text\">\n\t\t\t\t\t\t\t<div class=\"ha-posts-carousel__meta\">\n\t\t\t\t\t\t\t\t\t\t\t\t\t\t\t\t\t<div class=\"ha-posts-carousel__meta-author-img\">\n\t\t\t\t\t\t\t\t\t\t<a href=\"https:\/\/vaastujyot.in\">\n\t\t\t\t\t\t\t\t\t\t\t<img decoding=\"async\" src=\"https:\/\/secure.gravatar.com\/avatar\/8ada45c5a19fc682ad04ae4e8dc7b06733701aca5abfb30a2d513225e4f4e62e?s=45&d=mm&r=g\" alt=\"itcrewwebsolution\" class=\"ha-posts-carousel__meta-image\">\n\t\t\t\t\t\t\t\t\t\t<\/a>\n\t\t\t\t\t\t\t\t\t<\/div>\n\t\t\t\t\t\t\t\t\t\n\t\t\t\t\t\t\t\t<div class=\"ha-posts-carousel__meta-author-name\">\n\t\t\t\t\t\t\t\t\t\n\t\t\t\t\t\t\t\t\t<div class=\"ha-posts-carousel__meta-date\">\n\t\t\t\t\t\t\t\t\t\t\t\t\t\t\t\t\t\t\t\t\t\t<i aria-hidden=\"true\" class=\"hm hm-calendar2\"><\/i>\t\t\t\t\t\t\t\t\t\t\t\t\t\t\t\t\t\t\t\t\t\t<span>September 18, 2025<\/span>\n\t\t\t\t\t\t\t\t\t\t\t\t\t\t\t\t\t\t\t<\/div>\n\t\t\t\t\t\t\t\t<\/div>\n\t\t\t\t\t\t\t<\/div>\n\n\t\t\t\t\t\t\t\t\t\t\t\t\t\t<div class=\"ha-posts-carousel__content\">\n\t\t\t\t\t\t\t\tTop Online Casinos Nab\u00edzej\u00edc\u00ed Plinko bez vkladu Promoce Pokud hled\u00e1te nejlep\u0161\u00ed online kasina, kter\u00e1 nab\u00edzej\u00ed&hellip;\t\t\t\t\t\t\t<\/div>\n\t\t\t\t\t\t\t\t\t\t\t\t\t<\/div>\n\n\t\t\t\t\t<\/div>\n\t\t\t\t\t<\/div>\n\n\t\t\t\t<\/div>\n\t\t\t\t<\/div>\n\t\t\t\t\t\t\t<div class=\"ha-posts-carousel-slick slick-slide\">\n\t\t\t\t<div class=\"ha-posts-carousel\">\n\n\t\t\t\t\t\n\t\t\t\t\t<div class=\"ha-posts-carousel__content-position\">\n\t\t\t\t\t<div class=\"ha-posts-carousel__content-wrap\">\n\t\t\t\t\t\t\t\t\t\t\t\t\t\t<div class=\"ha-posts-carousel__meta-category\">\n\t\t\t\t\t\t\t\t\t<a href=\"https:\/\/vaastujyot.in\/index.php\/category\/uncategorized\/\">\n\t\t\t\t\t\t\t\t\t\tUncategorized\t\t\t\t\t\t\t\t\t<\/a>\n\t\t\t\t\t\t\t\t<\/div>\n\t\t\t\t\t\t\t\t\n\t\t\t\t\t\t<div class=\"ha-posts-carousel__title\">\n\t\t\t\t\t\t\t<a href=\"https:\/\/vaastujyot.in\/index.php\/2025\/09\/18\/1xbet-zerkalo-alternativnyi-vkhod-i-sait-bukmekerskoi-kontory\/\">\n\t\t\t\t\t\t\t\t1xbet \u0417\u0435\u0440\u043a\u0430\u043b\u043e: \u0410\u043b\u044c\u0442\u0435\u0440\u043d\u0430\u0442\u0438\u0432\u043d\u044b\u0439 \u0412\u0445\u043e\u0434 \u0438 \u0421\u0430\u0439\u0442 \u0411\u0443\u043a\u043c\u0435\u043a\u0435\u0440\u0441\u043a\u043e\u0439 \u041a\u043e\u043d\u0442\u043e\u0440\u044b\t\t\t\t\t\t\t<\/a>\n\t\t\t\t\t\t<\/div>\n\n\t\t\t\t\t\t<div class=\"ha-posts-carousel__content-text\">\n\t\t\t\t\t\t\t<div class=\"ha-posts-carousel__meta\">\n\t\t\t\t\t\t\t\t\t\t\t\t\t\t\t\t\t<div class=\"ha-posts-carousel__meta-author-img\">\n\t\t\t\t\t\t\t\t\t\t<a href=\"https:\/\/vaastujyot.in\">\n\t\t\t\t\t\t\t\t\t\t\t<img decoding=\"async\" src=\"https:\/\/secure.gravatar.com\/avatar\/8ada45c5a19fc682ad04ae4e8dc7b06733701aca5abfb30a2d513225e4f4e62e?s=45&d=mm&r=g\" alt=\"itcrewwebsolution\" class=\"ha-posts-carousel__meta-image\">\n\t\t\t\t\t\t\t\t\t\t<\/a>\n\t\t\t\t\t\t\t\t\t<\/div>\n\t\t\t\t\t\t\t\t\t\n\t\t\t\t\t\t\t\t<div class=\"ha-posts-carousel__meta-author-name\">\n\t\t\t\t\t\t\t\t\t\n\t\t\t\t\t\t\t\t\t<div class=\"ha-posts-carousel__meta-date\">\n\t\t\t\t\t\t\t\t\t\t\t\t\t\t\t\t\t\t\t\t\t\t<i aria-hidden=\"true\" class=\"hm hm-calendar2\"><\/i>\t\t\t\t\t\t\t\t\t\t\t\t\t\t\t\t\t\t\t\t\t\t<span>September 18, 2025<\/span>\n\t\t\t\t\t\t\t\t\t\t\t\t\t\t\t\t\t\t\t<\/div>\n\t\t\t\t\t\t\t\t<\/div>\n\t\t\t\t\t\t\t<\/div>\n\n\t\t\t\t\t\t\t\t\t\t\t\t\t\t<div class=\"ha-posts-carousel__content\">\n\t\t\t\t\t\t\t\t1xbet \u0432\u0445\u043e\u0434 \u0412 \u041b\u0438\u0447\u043d\u044b\u0439 \u043a\u043e\u043c\u043d\u0430\u0442\u0443 \u041a\u0430\u043a \u0412\u043e\u0439\u0442\u0438 \u0430 1xbet \u0418 \u0441\u0434\u0435\u043b\u0430\u0442\u044c \u041f\u0430\u0440\u043e\u043b\u044c Content \u0412\u043f\u043d: \u0423\u043d\u0438\u0432\u0435\u0440\u0441\u0430\u043b\u044c\u043d\u044b\u0439&hellip;\t\t\t\t\t\t\t<\/div>\n\t\t\t\t\t\t\t\t\t\t\t\t\t<\/div>\n\n\t\t\t\t\t<\/div>\n\t\t\t\t\t<\/div>\n\n\t\t\t\t<\/div>\n\t\t\t\t<\/div>\n\t\t\t\t\t\t\t<div class=\"ha-posts-carousel-slick slick-slide\">\n\t\t\t\t<div class=\"ha-posts-carousel\">\n\n\t\t\t\t\t\n\t\t\t\t\t<div class=\"ha-posts-carousel__content-position\">\n\t\t\t\t\t<div class=\"ha-posts-carousel__content-wrap\">\n\t\t\t\t\t\t\t\t\t\t\t\t\t\t<div class=\"ha-posts-carousel__meta-category\">\n\t\t\t\t\t\t\t\t\t<a href=\"https:\/\/vaastujyot.in\/index.php\/category\/uncategorized\/\">\n\t\t\t\t\t\t\t\t\t\tUncategorized\t\t\t\t\t\t\t\t\t<\/a>\n\t\t\t\t\t\t\t\t<\/div>\n\t\t\t\t\t\t\t\t\n\t\t\t\t\t\t<div class=\"ha-posts-carousel__title\">\n\t\t\t\t\t\t\t<a href=\"https:\/\/vaastujyot.in\/index.php\/2025\/09\/18\/beginners-manual-thorough-instructions-on-how-to-use-mostbet-zeta-integrated-solution\/\">\n\t\t\t\t\t\t\t\tBeginner&#8217;s Manual: Thorough Instructions On How To Use Mostbet Zeta Integrated Solution\t\t\t\t\t\t\t<\/a>\n\t\t\t\t\t\t<\/div>\n\n\t\t\t\t\t\t<div class=\"ha-posts-carousel__content-text\">\n\t\t\t\t\t\t\t<div class=\"ha-posts-carousel__meta\">\n\t\t\t\t\t\t\t\t\t\t\t\t\t\t\t\t\t<div class=\"ha-posts-carousel__meta-author-img\">\n\t\t\t\t\t\t\t\t\t\t<a href=\"https:\/\/vaastujyot.in\">\n\t\t\t\t\t\t\t\t\t\t\t<img decoding=\"async\" src=\"https:\/\/secure.gravatar.com\/avatar\/8ada45c5a19fc682ad04ae4e8dc7b06733701aca5abfb30a2d513225e4f4e62e?s=45&d=mm&r=g\" alt=\"itcrewwebsolution\" class=\"ha-posts-carousel__meta-image\">\n\t\t\t\t\t\t\t\t\t\t<\/a>\n\t\t\t\t\t\t\t\t\t<\/div>\n\t\t\t\t\t\t\t\t\t\n\t\t\t\t\t\t\t\t<div class=\"ha-posts-carousel__meta-author-name\">\n\t\t\t\t\t\t\t\t\t\n\t\t\t\t\t\t\t\t\t<div class=\"ha-posts-carousel__meta-date\">\n\t\t\t\t\t\t\t\t\t\t\t\t\t\t\t\t\t\t\t\t\t\t<i aria-hidden=\"true\" class=\"hm hm-calendar2\"><\/i>\t\t\t\t\t\t\t\t\t\t\t\t\t\t\t\t\t\t\t\t\t\t<span>September 18, 2025<\/span>\n\t\t\t\t\t\t\t\t\t\t\t\t\t\t\t\t\t\t\t<\/div>\n\t\t\t\t\t\t\t\t<\/div>\n\t\t\t\t\t\t\t<\/div>\n\n\t\t\t\t\t\t\t\t\t\t\t\t\t\t<div class=\"ha-posts-carousel__content\">\n\t\t\t\t\t\t\t\tHow To Use Mostbet: An Entire Beginners Step-by-step Guide Novelo Concept Content Mostbet Casino-da M\u0259suliyy\u0259tli&hellip;\t\t\t\t\t\t\t<\/div>\n\t\t\t\t\t\t\t\t\t\t\t\t\t<\/div>\n\n\t\t\t\t\t<\/div>\n\t\t\t\t\t<\/div>\n\n\t\t\t\t<\/div>\n\t\t\t\t<\/div>\n\t\t\t\t\t\t\t<div class=\"ha-posts-carousel-slick slick-slide\">\n\t\t\t\t<div class=\"ha-posts-carousel\">\n\n\t\t\t\t\t\n\t\t\t\t\t<div class=\"ha-posts-carousel__content-position\">\n\t\t\t\t\t<div class=\"ha-posts-carousel__content-wrap\">\n\t\t\t\t\t\t\t\t\t\t\t\t\t\t<div class=\"ha-posts-carousel__meta-category\">\n\t\t\t\t\t\t\t\t\t<a href=\"https:\/\/vaastujyot.in\/index.php\/category\/monobrand\/\">\n\t\t\t\t\t\t\t\t\t\tMonobrand\t\t\t\t\t\t\t\t\t<\/a>\n\t\t\t\t\t\t\t\t<\/div>\n\t\t\t\t\t\t\t\t\n\t\t\t\t\t\t<div class=\"ha-posts-carousel__title\">\n\t\t\t\t\t\t\t<a href=\"https:\/\/vaastujyot.in\/index.php\/2025\/09\/18\/epitakhunse-pros-mponous-100-kai-dorean-peristrophes\/\">\n\t\t\t\t\t\t\t\t\u0395\u03c0\u03b9\u03c4\u03ac\u03c7\u03c5\u03bd\u03c3\u03b7 \u03a0\u03c1\u03bf\u03c2 \u039c\u03c0\u03cc\u03bd\u03bf\u03c5\u03c2 100 \u039a\u03b1\u03b9 \u0394\u03c9\u03c1\u03b5\u03ac\u03bd \u03a0\u03b5\u03c1\u03b9\u03c3\u03c4\u03c1\u03bf\u03c6\u03ad\u03c2\t\t\t\t\t\t\t<\/a>\n\t\t\t\t\t\t<\/div>\n\n\t\t\t\t\t\t<div class=\"ha-posts-carousel__content-text\">\n\t\t\t\t\t\t\t<div class=\"ha-posts-carousel__meta\">\n\t\t\t\t\t\t\t\t\t\t\t\t\t\t\t\t\t<div class=\"ha-posts-carousel__meta-author-img\">\n\t\t\t\t\t\t\t\t\t\t<a href=\"https:\/\/vaastujyot.in\">\n\t\t\t\t\t\t\t\t\t\t\t<img decoding=\"async\" src=\"https:\/\/secure.gravatar.com\/avatar\/8ada45c5a19fc682ad04ae4e8dc7b06733701aca5abfb30a2d513225e4f4e62e?s=45&d=mm&r=g\" alt=\"itcrewwebsolution\" class=\"ha-posts-carousel__meta-image\">\n\t\t\t\t\t\t\t\t\t\t<\/a>\n\t\t\t\t\t\t\t\t\t<\/div>\n\t\t\t\t\t\t\t\t\t\n\t\t\t\t\t\t\t\t<div class=\"ha-posts-carousel__meta-author-name\">\n\t\t\t\t\t\t\t\t\t\n\t\t\t\t\t\t\t\t\t<div class=\"ha-posts-carousel__meta-date\">\n\t\t\t\t\t\t\t\t\t\t\t\t\t\t\t\t\t\t\t\t\t\t<i aria-hidden=\"true\" class=\"hm hm-calendar2\"><\/i>\t\t\t\t\t\t\t\t\t\t\t\t\t\t\t\t\t\t\t\t\t\t<span>September 18, 2025<\/span>\n\t\t\t\t\t\t\t\t\t\t\t\t\t\t\t\t\t\t\t<\/div>\n\t\t\t\t\t\t\t\t<\/div>\n\t\t\t\t\t\t\t<\/div>\n\n\t\t\t\t\t\t\t\t\t\t\t\t\t\t<div class=\"ha-posts-carousel__content\">\n\t\t\t\t\t\t\t\tCasino Infiniteness \u039c\u03c0\u03cc\u03bd\u03bf\u03c5\u03c2 \u0388\u03c9\u03c2 Five-hundred \u0393\u03b9\u03b1 \u0388\u03bb\u03bb\u03b7\u03bd\u03b5\u03c2 Content \u03a4\u03c1\u03cc\u03c0\u03bf\u03b9 \u03a0\u03bb\u03b7\u03c1\u03c9\u03bc\u03ae\u03c2 \u03a5\u03c0\u03bf\u03c3\u03c4\u03ae\u03c1\u03b9\u03be\u03b7 \u0388\u03c4\u03bf\u03b9\u03bc\u03b7 \u038c\u03c4\u03b1\u03bd \u03a4\u03b7 \u03a7\u03c1\u03b5\u03b9\u03ac\u03b6\u03b5\u03c3\u03c4\u03b5&hellip;\t\t\t\t\t\t\t<\/div>\n\t\t\t\t\t\t\t\t\t\t\t\t\t<\/div>\n\n\t\t\t\t\t<\/div>\n\t\t\t\t\t<\/div>\n\n\t\t\t\t<\/div>\n\t\t\t\t<\/div>\n\t\t\t\n\t\t<\/div>\n\t\t\t\t\t\t<\/div>\n\t\t\t\t<\/div>\n\t\t\t\t\t<\/div>\n\t\t<\/div>\n\t\t\t\t\t<\/div>\n\t\t<\/section>\n\t\t\t\t<\/div>\n\t\t","protected":false},"excerpt":{"rendered":"<p>Article Home &#8211; Article Residential World May 12, 2023 Welcome to WordPress. This is your first post. Edit or delete it, then start writing! Residential Hello world! May 10, 2023 Welcome to WordPress. This is your first post. Edit or delete it, then start writing!<\/p>\n","protected":false},"author":1,"featured_media":0,"parent":0,"menu_order":0,"comment_status":"closed","ping_status":"closed","template":"","meta":{"site-sidebar-layout":"no-sidebar","site-content-layout":"page-builder","ast-site-content-layout":"default","site-content-style":"default","site-sidebar-style":"default","ast-global-header-display":"","ast-banner-title-visibility":"","ast-main-header-display":"","ast-hfb-above-header-display":"","ast-hfb-below-header-display":"","ast-hfb-mobile-header-display":"","site-post-title":"disabled","ast-breadcrumbs-content":"","ast-featured-img":"disabled","footer-sml-layout":"","ast-disable-related-posts":"","theme-transparent-header-meta":"enabled","adv-header-id-meta":"","stick-header-meta":"","header-above-stick-meta":"","header-main-stick-meta":"","header-below-stick-meta":"","astra-migrate-meta-layouts":"default","ast-page-background-enabled":"default","ast-page-background-meta":{"desktop":{"background-color":"var(--ast-global-color-4)","background-image":"","background-repeat":"repeat","background-position":"center center","background-size":"auto","background-attachment":"scroll","background-type":"","background-media":"","overlay-type":"","overlay-color":"","overlay-opacity":"","overlay-gradient":""},"tablet":{"background-color":"","background-image":"","background-repeat":"repeat","background-position":"center center","background-size":"auto","background-attachment":"scroll","background-type":"","background-media":"","overlay-type":"","overlay-color":"","overlay-opacity":"","overlay-gradient":""},"mobile":{"background-color":"","background-image":"","background-repeat":"repeat","background-position":"center center","background-size":"auto","background-attachment":"scroll","background-type":"","background-media":"","overlay-type":"","overlay-color":"","overlay-opacity":"","overlay-gradient":""}},"ast-content-background-meta":{"desktop":{"background-color":"var(--ast-global-color-5)","background-image":"","background-repeat":"repeat","background-position":"center center","background-size":"auto","background-attachment":"scroll","background-type":"","background-media":"","overlay-type":"","overlay-color":"","overlay-opacity":"","overlay-gradient":""},"tablet":{"background-color":"var(--ast-global-color-5)","background-image":"","background-repeat":"repeat","background-position":"center center","background-size":"auto","background-attachment":"scroll","background-type":"","background-media":"","overlay-type":"","overlay-color":"","overlay-opacity":"","overlay-gradient":""},"mobile":{"background-color":"var(--ast-global-color-5)","background-image":"","background-repeat":"repeat","background-position":"center center","background-size":"auto","background-attachment":"scroll","background-type":"","background-media":"","overlay-type":"","overlay-color":"","overlay-opacity":"","overlay-gradient":""}},"footnotes":""},"class_list":["post-2522","page","type-page","status-publish","hentry"],"_links":{"self":[{"href":"https:\/\/vaastujyot.in\/index.php\/wp-json\/wp\/v2\/pages\/2522","targetHints":{"allow":["GET"]}}],"collection":[{"href":"https:\/\/vaastujyot.in\/index.php\/wp-json\/wp\/v2\/pages"}],"about":[{"href":"https:\/\/vaastujyot.in\/index.php\/wp-json\/wp\/v2\/types\/page"}],"author":[{"embeddable":true,"href":"https:\/\/vaastujyot.in\/index.php\/wp-json\/wp\/v2\/users\/1"}],"replies":[{"embeddable":true,"href":"https:\/\/vaastujyot.in\/index.php\/wp-json\/wp\/v2\/comments?post=2522"}],"version-history":[{"count":40,"href":"https:\/\/vaastujyot.in\/index.php\/wp-json\/wp\/v2\/pages\/2522\/revisions"}],"predecessor-version":[{"id":3714,"href":"https:\/\/vaastujyot.in\/index.php\/wp-json\/wp\/v2\/pages\/2522\/revisions\/3714"}],"wp:attachment":[{"href":"https:\/\/vaastujyot.in\/index.php\/wp-json\/wp\/v2\/media?parent=2522"}],"curies":[{"name":"wp","href":"https:\/\/api.w.org\/{rel}","templated":true}]}}